{"id":237,"date":"2020-05-28T15:21:40","date_gmt":"2020-05-28T13:21:40","guid":{"rendered":"http:\/\/projet-pyrenees.fr\/?page_id=237"},"modified":"2022-04-20T09:15:54","modified_gmt":"2022-04-20T07:15:54","slug":"sejours-trail-randonnee-ski-font-romeu","status":"publish","type":"page","link":"https:\/\/projet-pyrenees.fr\/","title":{"rendered":"Projet Pyr\u00e9n\u00e9es"},"content":{"rendered":"\n<div class=\"wp-block-media-text alignwide has-media-on-the-right is-stacked-on-mobile\" style=\"grid-template-columns:auto 40%\"><figure class=\"wp-block-media-text__media\"><img loading=\"lazy\" width=\"1024\" height=\"619\" src=\"http:\/\/projet-pyrenees.fr\/wp-content\/uploads\/2020\/05\/IMG_2817-scaled-e1593521659914-1024x619.jpeg\" alt=\"Camporells\" class=\"wp-image-280 size-full\" srcset=\"https:\/\/projet-pyrenees.fr\/wp-content\/uploads\/2020\/05\/IMG_2817-scaled-e1593521659914-1024x619.jpeg 1024w, https:\/\/projet-pyrenees.fr\/wp-content\/uploads\/2020\/05\/IMG_2817-scaled-e1593521659914-100x60.jpeg 100w, https:\/\/projet-pyrenees.fr\/wp-content\/uploads\/2020\/05\/IMG_2817-scaled-e1593521659914-300x181.jpeg 300w, https:\/\/projet-pyrenees.fr\/wp-content\/uploads\/2020\/05\/IMG_2817-scaled-e1593521659914-768x464.jpeg 768w, https:\/\/projet-pyrenees.fr\/wp-content\/uploads\/2020\/05\/IMG_2817-scaled-e1593521659914-1536x929.jpeg 1536w, https:\/\/projet-pyrenees.fr\/wp-content\/uploads\/2020\/05\/IMG_2817-scaled-e1593521659914-2048x1238.jpeg 2048w\" sizes=\"(max-width: 1024px) 100vw, 1024px\" \/><\/figure><div class=\"wp-block-media-text__content\">\n<p>Projet Pyr\u00e9n\u00e9es est une agence de voyage, sp\u00e9cialis\u00e9e dans les s\u00e9jours montagne. Que ce soit en trail, en randonn\u00e9e ou bien \u00e0 ski, nous avons h\u00e2te de vous faire d\u00e9couvrir les montagnes sur lesquelles nous prenons tant de plaisir \u00e0 \u00e9voluer toute l&rsquo;ann\u00e9e.<\/p>\n\n\n\n<p>Que vous soyez seul, en famille, entre amis ou encore une entreprise, vous trouverez une formule qui vous convient. A la demi-journ\u00e9e, la journ\u00e9e ou sur plusieurs jours, venez tenter l\u2019aventure.<\/p>\n\n\n\n<p>Que vous souhaitiez d\u00e9couvrir une activit\u00e9 ou bien progresser dans votre pratique, n&rsquo;h\u00e9sitez pas \u00e0 nous contacter pour que l&rsquo;on trouve ensemble la formule qui vous conviendra.<\/p>\n<\/div><\/div>\n\n\n\n<p><\/p>\n","protected":false},"excerpt":{"rendered":"<p>Projet Pyr\u00e9n\u00e9es est une agence de voyage, sp\u00e9cialis\u00e9e dans les s\u00e9jours montagne. Que ce soit en trail, en randonn\u00e9e ou bien \u00e0 ski, nous avons h\u00e2te de vous faire d\u00e9couvrir les montagnes sur lesquelles nous prenons tant de plaisir \u00e0 \u00e9voluer toute l&rsquo;ann\u00e9e. Que vous soyez seul, en famille, entre amis ou encore une entreprise, &hellip; <\/p>\n<p class=\"link-more\"><a href=\"https:\/\/projet-pyrenees.fr\/\" class=\"more-link\">Lire la suite de<span class=\"screen-reader-text\">\u00ab\u00a0Projet Pyr\u00e9n\u00e9es\u00a0\u00bb<\/span><\/a><\/p>\n","protected":false},"author":1,"featured_media":363,"parent":0,"menu_order":0,"comment_status":"closed","ping_status":"closed","template":"","meta":[],"yoast_head":"<!-- This site is optimized with the Yoast SEO plugin v18.3 - https:\/\/yoast.com\/wordpress\/plugins\/seo\/ -->\n<title>S\u00e9jours trail, randonn\u00e9e, ski dans les Pyr\u00e9n\u00e9es<\/title>\n<meta name=\"description\" content=\"Projet Pyr\u00e9n\u00e9es, le sp\u00e9cialiste de vos s\u00e9jours trail, randonn\u00e9e et ski dans les Pyr\u00e9n\u00e9es. Des stages pour tous !\" \/>\n<meta name=\"robots\" content=\"index, follow, max-snippet:-1, max-image-preview:large, max-video-preview:-1\" \/>\n<link rel=\"canonical\" href=\"https:\/\/projet-pyrenees.fr\/\" \/>\n<meta property=\"og:locale\" content=\"fr_FR\" \/>\n<meta property=\"og:type\" content=\"article\" \/>\n<meta property=\"og:title\" content=\"S\u00e9jours trail, randonn\u00e9e, ski dans les Pyr\u00e9n\u00e9es\" \/>\n<meta property=\"og:description\" content=\"Projet Pyr\u00e9n\u00e9es, le sp\u00e9cialiste de vos s\u00e9jours trail, randonn\u00e9e et ski dans les Pyr\u00e9n\u00e9es. Des stages pour tous !\" \/>\n<meta property=\"og:url\" content=\"https:\/\/projet-pyrenees.fr\/\" \/>\n<meta property=\"article:publisher\" content=\"https:\/\/www.facebook.com\/Propy-Projet-Pyr%c3%a9n%c3%a9es-218941634821396\/\" \/>\n<meta property=\"article:modified_time\" content=\"2022-04-20T07:15:54+00:00\" \/>\n<meta property=\"og:image\" content=\"https:\/\/projet-pyrenees.fr\/wp-content\/uploads\/2020\/06\/IMG_3924-2-scaled.jpeg\" \/>\n\t<meta property=\"og:image:width\" content=\"2560\" \/>\n\t<meta property=\"og:image:height\" content=\"1920\" \/>\n\t<meta property=\"og:image:type\" content=\"image\/jpeg\" \/>\n<meta name=\"twitter:card\" content=\"summary_large_image\" \/>\n<meta name=\"twitter:label1\" content=\"Dur\u00e9e de lecture estim\u00e9e\" \/>\n\t<meta name=\"twitter:data1\" content=\"1 minute\" \/>\n<script type=\"application\/ld+json\" class=\"yoast-schema-graph\">{\"@context\":\"https:\/\/schema.org\",\"@graph\":[{\"@type\":\"Organization\",\"@id\":\"https:\/\/projet-pyrenees.fr\/#organization\",\"name\":\"Projet-Pyr\u00e9n\u00e9es\",\"url\":\"https:\/\/projet-pyrenees.fr\/\",\"sameAs\":[\"https:\/\/www.facebook.com\/Propy-Projet-Pyr\u00e9n\u00e9es-218941634821396\/\",\"https:\/\/www.youtube.com\/channel\/UClTkixtcjIPliGi97d9FfXw\"],\"logo\":{\"@type\":\"ImageObject\",\"@id\":\"https:\/\/projet-pyrenees.fr\/#logo\",\"inLanguage\":\"fr-FR\",\"url\":\"http:\/\/projet-pyrenees.fr\/wp-content\/uploads\/2020\/05\/cropped-Logga-2.jpg\",\"contentUrl\":\"http:\/\/projet-pyrenees.fr\/wp-content\/uploads\/2020\/05\/cropped-Logga-2.jpg\",\"width\":1952,\"height\":1952,\"caption\":\"Projet-Pyr\u00e9n\u00e9es\"},\"image\":{\"@id\":\"https:\/\/projet-pyrenees.fr\/#logo\"}},{\"@type\":\"WebSite\",\"@id\":\"https:\/\/projet-pyrenees.fr\/#website\",\"url\":\"https:\/\/projet-pyrenees.fr\/\",\"name\":\"Projet-Pyren\u00e9es\",\"description\":\"montagne &amp; trail - s\u00e9jours sur mesures\",\"publisher\":{\"@id\":\"https:\/\/projet-pyrenees.fr\/#organization\"},\"potentialAction\":[{\"@type\":\"SearchAction\",\"target\":{\"@type\":\"EntryPoint\",\"urlTemplate\":\"https:\/\/projet-pyrenees.fr\/?s={search_term_string}\"},\"query-input\":\"required name=search_term_string\"}],\"inLanguage\":\"fr-FR\"},{\"@type\":\"ImageObject\",\"@id\":\"https:\/\/projet-pyrenees.fr\/#primaryimage\",\"inLanguage\":\"fr-FR\",\"url\":\"https:\/\/projet-pyrenees.fr\/wp-content\/uploads\/2020\/06\/IMG_3924-2-scaled.jpeg\",\"contentUrl\":\"https:\/\/projet-pyrenees.fr\/wp-content\/uploads\/2020\/06\/IMG_3924-2-scaled.jpeg\",\"width\":2560,\"height\":1920,\"caption\":\"Randonn\u00e9e Pyr\u00e9n\u00e9es\"},{\"@type\":\"WebPage\",\"@id\":\"https:\/\/projet-pyrenees.fr\/#webpage\",\"url\":\"https:\/\/projet-pyrenees.fr\/\",\"name\":\"S\u00e9jours trail, randonn\u00e9e, ski dans les Pyr\u00e9n\u00e9es\",\"isPartOf\":{\"@id\":\"https:\/\/projet-pyrenees.fr\/#website\"},\"primaryImageOfPage\":{\"@id\":\"https:\/\/projet-pyrenees.fr\/#primaryimage\"},\"datePublished\":\"2020-05-28T13:21:40+00:00\",\"dateModified\":\"2022-04-20T07:15:54+00:00\",\"description\":\"Projet Pyr\u00e9n\u00e9es, le sp\u00e9cialiste de vos s\u00e9jours trail, randonn\u00e9e et ski dans les Pyr\u00e9n\u00e9es. Des stages pour tous !\",\"breadcrumb\":{\"@id\":\"https:\/\/projet-pyrenees.fr\/#breadcrumb\"},\"inLanguage\":\"fr-FR\",\"potentialAction\":[{\"@type\":\"ReadAction\",\"target\":[\"https:\/\/projet-pyrenees.fr\/\"]}]},{\"@type\":\"BreadcrumbList\",\"@id\":\"https:\/\/projet-pyrenees.fr\/#breadcrumb\",\"itemListElement\":[{\"@type\":\"ListItem\",\"position\":1,\"name\":\"Accueil\",\"item\":\"https:\/\/projet-pyrenees.fr\/\"},{\"@type\":\"ListItem\",\"position\":2,\"name\":\"Projet Pyr\u00e9n\u00e9es\"}]}]}<\/script>\n<!-- \/ Yoast SEO plugin. -->","yoast_head_json":{"title":"S\u00e9jours trail, randonn\u00e9e, ski dans les Pyr\u00e9n\u00e9es","description":"Projet Pyr\u00e9n\u00e9es, le sp\u00e9cialiste de vos s\u00e9jours trail, randonn\u00e9e et ski dans les Pyr\u00e9n\u00e9es. Des stages pour tous !","robots":{"index":"index","follow":"follow","max-snippet":"max-snippet:-1","max-image-preview":"max-image-preview:large","max-video-preview":"max-video-preview:-1"},"canonical":"https:\/\/projet-pyrenees.fr\/","og_locale":"fr_FR","og_type":"article","og_title":"S\u00e9jours trail, randonn\u00e9e, ski dans les Pyr\u00e9n\u00e9es","og_description":"Projet Pyr\u00e9n\u00e9es, le sp\u00e9cialiste de vos s\u00e9jours trail, randonn\u00e9e et ski dans les Pyr\u00e9n\u00e9es. Des stages pour tous !","og_url":"https:\/\/projet-pyrenees.fr\/","article_publisher":"https:\/\/www.facebook.com\/Propy-Projet-Pyr%c3%a9n%c3%a9es-218941634821396\/","article_modified_time":"2022-04-20T07:15:54+00:00","og_image":[{"width":2560,"height":1920,"url":"https:\/\/projet-pyrenees.fr\/wp-content\/uploads\/2020\/06\/IMG_3924-2-scaled.jpeg","type":"image\/jpeg"}],"twitter_card":"summary_large_image","twitter_misc":{"Dur\u00e9e de lecture estim\u00e9e":"1 minute"},"schema":{"@context":"https:\/\/schema.org","@graph":[{"@type":"Organization","@id":"https:\/\/projet-pyrenees.fr\/#organization","name":"Projet-Pyr\u00e9n\u00e9es","url":"https:\/\/projet-pyrenees.fr\/","sameAs":["https:\/\/www.facebook.com\/Propy-Projet-Pyr\u00e9n\u00e9es-218941634821396\/","https:\/\/www.youtube.com\/channel\/UClTkixtcjIPliGi97d9FfXw"],"logo":{"@type":"ImageObject","@id":"https:\/\/projet-pyrenees.fr\/#logo","inLanguage":"fr-FR","url":"http:\/\/projet-pyrenees.fr\/wp-content\/uploads\/2020\/05\/cropped-Logga-2.jpg","contentUrl":"http:\/\/projet-pyrenees.fr\/wp-content\/uploads\/2020\/05\/cropped-Logga-2.jpg","width":1952,"height":1952,"caption":"Projet-Pyr\u00e9n\u00e9es"},"image":{"@id":"https:\/\/projet-pyrenees.fr\/#logo"}},{"@type":"WebSite","@id":"https:\/\/projet-pyrenees.fr\/#website","url":"https:\/\/projet-pyrenees.fr\/","name":"Projet-Pyren\u00e9es","description":"montagne &amp; trail - s\u00e9jours sur mesures","publisher":{"@id":"https:\/\/projet-pyrenees.fr\/#organization"},"potentialAction":[{"@type":"SearchAction","target":{"@type":"EntryPoint","urlTemplate":"https:\/\/projet-pyrenees.fr\/?s={search_term_string}"},"query-input":"required name=search_term_string"}],"inLanguage":"fr-FR"},{"@type":"ImageObject","@id":"https:\/\/projet-pyrenees.fr\/#primaryimage","inLanguage":"fr-FR","url":"https:\/\/projet-pyrenees.fr\/wp-content\/uploads\/2020\/06\/IMG_3924-2-scaled.jpeg","contentUrl":"https:\/\/projet-pyrenees.fr\/wp-content\/uploads\/2020\/06\/IMG_3924-2-scaled.jpeg","width":2560,"height":1920,"caption":"Randonn\u00e9e Pyr\u00e9n\u00e9es"},{"@type":"WebPage","@id":"https:\/\/projet-pyrenees.fr\/#webpage","url":"https:\/\/projet-pyrenees.fr\/","name":"S\u00e9jours trail, randonn\u00e9e, ski dans les Pyr\u00e9n\u00e9es","isPartOf":{"@id":"https:\/\/projet-pyrenees.fr\/#website"},"primaryImageOfPage":{"@id":"https:\/\/projet-pyrenees.fr\/#primaryimage"},"datePublished":"2020-05-28T13:21:40+00:00","dateModified":"2022-04-20T07:15:54+00:00","description":"Projet Pyr\u00e9n\u00e9es, le sp\u00e9cialiste de vos s\u00e9jours trail, randonn\u00e9e et ski dans les Pyr\u00e9n\u00e9es. Des stages pour tous !","breadcrumb":{"@id":"https:\/\/projet-pyrenees.fr\/#breadcrumb"},"inLanguage":"fr-FR","potentialAction":[{"@type":"ReadAction","target":["https:\/\/projet-pyrenees.fr\/"]}]},{"@type":"BreadcrumbList","@id":"https:\/\/projet-pyrenees.fr\/#breadcrumb","itemListElement":[{"@type":"ListItem","position":1,"name":"Accueil","item":"https:\/\/projet-pyrenees.fr\/"},{"@type":"ListItem","position":2,"name":"Projet Pyr\u00e9n\u00e9es"}]}]}},"_links":{"self":[{"href":"https:\/\/projet-pyrenees.fr\/index.php?rest_route=\/wp\/v2\/pages\/237"}],"collection":[{"href":"https:\/\/projet-pyrenees.fr\/index.php?rest_route=\/wp\/v2\/pages"}],"about":[{"href":"https:\/\/projet-pyrenees.fr\/index.php?rest_route=\/wp\/v2\/types\/page"}],"author":[{"embeddable":true,"href":"https:\/\/projet-pyrenees.fr\/index.php?rest_route=\/wp\/v2\/users\/1"}],"replies":[{"embeddable":true,"href":"https:\/\/projet-pyrenees.fr\/index.php?rest_route=%2Fwp%2Fv2%2Fcomments&post=237"}],"version-history":[{"count":74,"href":"https:\/\/projet-pyrenees.fr\/index.php?rest_route=\/wp\/v2\/pages\/237\/revisions"}],"predecessor-version":[{"id":962,"href":"https:\/\/projet-pyrenees.fr\/index.php?rest_route=\/wp\/v2\/pages\/237\/revisions\/962"}],"wp:featuredmedia":[{"embeddable":true,"href":"https:\/\/projet-pyrenees.fr\/index.php?rest_route=\/wp\/v2\/media\/363"}],"wp:attachment":[{"href":"https:\/\/projet-pyrenees.fr\/index.php?rest_route=%2Fwp%2Fv2%2Fmedia&parent=237"}],"curies":[{"name":"wp","href":"https:\/\/api.w.org\/{rel}","templated":true}]}}